{"id":50,"date":"2024-06-17T12:18:36","date_gmt":"2024-06-17T12:18:36","guid":{"rendered":"http:\/\/www.osagor.com\/?page_id=50"},"modified":"2025-04-24T10:32:42","modified_gmt":"2025-04-24T10:32:42","slug":"terapia","status":"publish","type":"page","link":"https:\/\/www.osagor.com\/?page_id=50","title":{"rendered":""},"content":{"rendered":"\n<div class=\"wp-block-group alignfull has-global-padding is-layout-constrained wp-container-core-group-is-layout-490fa1db wp-block-group-is-layout-constrained\" style=\"padding-top:var(--wp--preset--spacing--50);padding-right:var(--wp--preset--spacing--50);padding-bottom:var(--wp--preset--spacing--50);padding-left:var(--wp--preset--spacing--50)\">\n<div class=\"wp-block-group has-global-padding is-layout-constrained wp-block-group-is-layout-constrained\">\n<h3 class=\"wp-block-heading has-text-align-center has-large-font-size\">TERAPIA PARA ADULTOS\/AS<\/h3>\n\n\n\n<div class=\"wp-block-columns is-layout-flex wp-container-core-columns-is-layout-28f84493 wp-block-columns-is-layout-flex\">\n<div class=\"wp-block-column is-layout-flow wp-block-column-is-layout-flow\">\n<figure class=\"wp-block-image aligncenter size-full is-resized is-style-rounded\"><img loading=\"lazy\" decoding=\"async\" width=\"417\" height=\"626\" src=\"https:\/\/www.osagor.com\/wp-content\/uploads\/2024\/07\/hermosas-huellas-pies-arena_261642-2188.jpg\" alt=\"\" class=\"wp-image-119\" style=\"width:201px;height:auto\" srcset=\"https:\/\/www.osagor.com\/wp-content\/uploads\/2024\/07\/hermosas-huellas-pies-arena_261642-2188.jpg 417w, https:\/\/www.osagor.com\/wp-content\/uploads\/2024\/07\/hermosas-huellas-pies-arena_261642-2188-200x300.jpg 200w\" sizes=\"auto, (max-width: 417px) 100vw, 417px\" \/><\/figure>\n<\/div>\n\n\n\n<div class=\"wp-block-column is-layout-flow wp-block-column-is-layout-flow\">\n<p class=\"has-text-align-left\">Una crisis, un cambio vital o la presencia de sintomatolog\u00eda que comprometa la calidad de vida de una persona constituye un motivo importante para comenzar un proceso de terapia. <\/p>\n\n\n\n<p class=\"has-text-align-left\">Desde Osagor Psicolog\u00eda se realiza tratamiento especializado para reestablecer el equilibrio en la persona que consulta. El tipo de terapia se realiza desde un enfoque humanista, cercano, respetuoso, centrado en la persona y libre de juicio. <\/p>\n\n\n\n<p class=\"has-text-align-left\">Presencial u online.<\/p>\n<\/div>\n<\/div>\n<\/div>\n\n\n\n<div style=\"height:1.25rem\" aria-hidden=\"true\" class=\"wp-block-spacer\"><\/div>\n\n\n\n<h3 class=\"wp-block-heading has-text-align-center has-large-font-size\" id=\"terapia-adolescentes\">TERAPIA PARA ADOLESCENTES<\/h3>\n\n\n\n<div class=\"wp-block-columns is-layout-flex wp-container-core-columns-is-layout-28f84493 wp-block-columns-is-layout-flex\">\n<div class=\"wp-block-column is-layout-flow wp-block-column-is-layout-flow\">\n<figure class=\"wp-block-image aligncenter size-large is-resized is-style-rounded\"><img loading=\"lazy\" decoding=\"async\" width=\"461\" height=\"1024\" src=\"https:\/\/www.osagor.com\/wp-content\/uploads\/2024\/07\/WhatsApp-Image-2024-07-06-at-08.43.51-461x1024.jpeg\" alt=\"\" class=\"wp-image-108\" style=\"width:186px;height:auto\" srcset=\"https:\/\/www.osagor.com\/wp-content\/uploads\/2024\/07\/WhatsApp-Image-2024-07-06-at-08.43.51-461x1024.jpeg 461w, https:\/\/www.osagor.com\/wp-content\/uploads\/2024\/07\/WhatsApp-Image-2024-07-06-at-08.43.51-135x300.jpeg 135w, https:\/\/www.osagor.com\/wp-content\/uploads\/2024\/07\/WhatsApp-Image-2024-07-06-at-08.43.51-768x1707.jpeg 768w, https:\/\/www.osagor.com\/wp-content\/uploads\/2024\/07\/WhatsApp-Image-2024-07-06-at-08.43.51-691x1536.jpeg 691w, https:\/\/www.osagor.com\/wp-content\/uploads\/2024\/07\/WhatsApp-Image-2024-07-06-at-08.43.51-922x2048.jpeg 922w, https:\/\/www.osagor.com\/wp-content\/uploads\/2024\/07\/WhatsApp-Image-2024-07-06-at-08.43.51-scaled.jpeg 1152w\" sizes=\"auto, (max-width: 461px) 100vw, 461px\" \/><\/figure>\n<\/div>\n\n\n\n<div class=\"wp-block-column is-layout-flow wp-block-column-is-layout-flow\">\n<p>La adolescencia es una etapa del ciclo vital llena de cambios y desaf\u00edos. Por un lado, biol\u00f3gicamente est\u00e1n madurando a gran velocidad y por otro se comienza a salir al mundo exterior y las relaciones cobran especial importancia. La identidad personal se est\u00e1 configurando y es una etapa muy propicia para que se den crisis que requieren de ayuda psicoterap\u00e9utica.<\/p>\n\n\n\n<p>Conflictos familiares, problemas de comunicaci\u00f3n, abuso de dispositivos electr\u00f3nicos, dificultades con iguales, conductas de riesgo, problemas de identidad, son algunas de las realidades que viven muchos\/as adolescentes. <\/p>\n\n\n\n<p>Presencial u online.<\/p>\n<\/div>\n<\/div>\n\n\n\n<div style=\"height:1.25rem\" aria-hidden=\"true\" class=\"wp-block-spacer\"><\/div>\n\n\n\n<figure class=\"wp-block-image size-large is-style-rounded\"><img loading=\"lazy\" decoding=\"async\" width=\"1024\" height=\"461\" src=\"https:\/\/www.osagor.com\/wp-content\/uploads\/2024\/07\/WhatsApp-Image-2024-07-06-at-08.53.38-1024x461.jpeg\" alt=\"\" class=\"wp-image-109\" srcset=\"https:\/\/www.osagor.com\/wp-content\/uploads\/2024\/07\/WhatsApp-Image-2024-07-06-at-08.53.38-1024x461.jpeg 1024w, https:\/\/www.osagor.com\/wp-content\/uploads\/2024\/07\/WhatsApp-Image-2024-07-06-at-08.53.38-300x135.jpeg 300w, https:\/\/www.osagor.com\/wp-content\/uploads\/2024\/07\/WhatsApp-Image-2024-07-06-at-08.53.38-768x346.jpeg 768w, https:\/\/www.osagor.com\/wp-content\/uploads\/2024\/07\/WhatsApp-Image-2024-07-06-at-08.53.38-1536x691.jpeg 1536w, https:\/\/www.osagor.com\/wp-content\/uploads\/2024\/07\/WhatsApp-Image-2024-07-06-at-08.53.38-2048x922.jpeg 2048w\" sizes=\"auto, (max-width: 1024px) 100vw, 1024px\" \/><\/figure>\n<\/div>\n","protected":false},"excerpt":{"rendered":"<p>TERAPIA PARA ADULTOS\/AS Una crisis, un cambio vital o la presencia de sintomatolog\u00eda que comprometa la calidad de vida de una persona constituye un motivo importante para comenzar un proceso de terapia. Desde Osagor Psicolog\u00eda se realiza tratamiento especializado para reestablecer el equilibrio en la persona que consulta. El tipo de terapia se realiza desde [&hellip;]<\/p>\n","protected":false},"author":1,"featured_media":0,"parent":0,"menu_order":0,"comment_status":"closed","ping_status":"closed","template":"wp-custom-template-pages-terapia","meta":{"footnotes":""},"class_list":["post-50","page","type-page","status-publish","hentry"],"_links":{"self":[{"href":"https:\/\/www.osagor.com\/index.php?rest_route=\/wp\/v2\/pages\/50","targetHints":{"allow":["GET"]}}],"collection":[{"href":"https:\/\/www.osagor.com\/index.php?rest_route=\/wp\/v2\/pages"}],"about":[{"href":"https:\/\/www.osagor.com\/index.php?rest_route=\/wp\/v2\/types\/page"}],"author":[{"embeddable":true,"href":"https:\/\/www.osagor.com\/index.php?rest_route=\/wp\/v2\/users\/1"}],"replies":[{"embeddable":true,"href":"https:\/\/www.osagor.com\/index.php?rest_route=%2Fwp%2Fv2%2Fcomments&post=50"}],"version-history":[{"count":16,"href":"https:\/\/www.osagor.com\/index.php?rest_route=\/wp\/v2\/pages\/50\/revisions"}],"predecessor-version":[{"id":276,"href":"https:\/\/www.osagor.com\/index.php?rest_route=\/wp\/v2\/pages\/50\/revisions\/276"}],"wp:attachment":[{"href":"https:\/\/www.osagor.com\/index.php?rest_route=%2Fwp%2Fv2%2Fmedia&parent=50"}],"curies":[{"name":"wp","href":"https:\/\/api.w.org\/{rel}","templated":true}]}}