{"id":55,"date":"2024-06-17T12:21:31","date_gmt":"2024-06-17T12:21:31","guid":{"rendered":"http:\/\/www.osagor.com\/?page_id=55"},"modified":"2025-04-24T10:34:58","modified_gmt":"2025-04-24T10:34:58","slug":"sobre-mi","status":"publish","type":"page","link":"https:\/\/www.osagor.com\/?page_id=55","title":{"rendered":""},"content":{"rendered":"\n<figure class=\"wp-block-image aligncenter size-full is-resized is-style-rounded\"><img loading=\"lazy\" decoding=\"async\" width=\"497\" height=\"767\" src=\"https:\/\/www.osagor.com\/wp-content\/uploads\/2024\/07\/WhatsApp-Image-2024-07-09-at-11.48.25-497x1024-1.jpeg\" alt=\"\" class=\"wp-image-252\" style=\"width:253px;height:auto\" srcset=\"https:\/\/www.osagor.com\/wp-content\/uploads\/2024\/07\/WhatsApp-Image-2024-07-09-at-11.48.25-497x1024-1.jpeg 497w, https:\/\/www.osagor.com\/wp-content\/uploads\/2024\/07\/WhatsApp-Image-2024-07-09-at-11.48.25-497x1024-1-194x300.jpeg 194w\" sizes=\"auto, (max-width: 497px) 100vw, 497px\" \/><\/figure>\n\n\n\n<div class=\"wp-block-group alignfull has-global-padding is-layout-constrained wp-container-core-group-is-layout-2cf2e7c2 wp-block-group-is-layout-constrained\" style=\"padding-top:0;padding-right:var(--wp--preset--spacing--50);padding-bottom:0;padding-left:var(--wp--preset--spacing--50)\">\n<p>Mi nombre es Amaia Ortiz de Jim\u00e9nez Alesanco y soy Licenciada en Psicolog\u00eda por la Universidad del Pa\u00eds Vasco (EHU) y soy psic\u00f3loga General Sanitaria ,colegiada N\u00ba BI03270 del Colegio de Psicolog\u00eda de Bizkaia.<\/p>\n\n\n\n<p>He realizado el M\u00e1ster en Psicoterapia de Tiempo Limitado y soy terapeuta de interacci\u00f3n rec\u00edproca.<\/p>\n\n\n\n<p>Mi inquietud por conocer diferentes corrientes dentro de la psicolog\u00eda, as\u00ed como mi trabajo en diversas entidades, me han posibilitado adquirir conocimientos y poder ofrecer a las personas que acompa\u00f1o en consulta una gran variedad de herramientas terap\u00e9uticas y t\u00e9cnicas para ayudarles en su proceso de mejora.<\/p>\n\n\n\n<p>Llevo m\u00e1s de 15 a\u00f1os ayudando a adolescentes y a personas adultas en el descubrimiento de sus propios \u00abdiamantes\u00bb, acompa\u00f1\u00e1ndoles en el proceso de mejora de su vida, de sus relaciones interpersonales y familiares.\u202f<\/p>\n\n\n\n<ul class=\"wp-block-list\">\n<li>Licenciada en Psicolog\u00eda por la Universidad del Pa\u00eds Vasco (E.H.U).<\/li>\n\n\n\n<li>Master en Psicoterapias de Tiempo Limitado y Psicolog\u00eda de la Salud.<\/li>\n\n\n\n<li>Terapeuta de Interacci\u00f3n Rec\u00edproca.<\/li>\n\n\n\n<li>Experta en intervenci\u00f3n en Trastornos de Ansiedad, afectivos y dolor cr\u00f3nico.<\/li>\n\n\n\n<li>Experta en Hipnosis cl\u00ednica, relajaci\u00f3n y Mindfulness.<\/li>\n\n\n\n<li>Experta en Intervenci\u00f3n en Adicciones Tecnol\u00f3gicas.<\/li>\n\n\n\n<li>Experta en intervenci\u00f3n con ni\u00f1os\/as y adolescentes.<\/li>\n\n\n\n<li>Experta en Intervenci\u00f3n con Personas Sordas. Psicoterapia en Lengua de Signos.<\/li>\n<\/ul>\n<\/div>\n","protected":false},"excerpt":{"rendered":"<p>Mi nombre es Amaia Ortiz de Jim\u00e9nez Alesanco y soy Licenciada en Psicolog\u00eda por la Universidad del Pa\u00eds Vasco (EHU) y soy psic\u00f3loga General Sanitaria ,colegiada N\u00ba BI03270 del Colegio de Psicolog\u00eda de Bizkaia. He realizado el M\u00e1ster en Psicoterapia de Tiempo Limitado y soy terapeuta de interacci\u00f3n rec\u00edproca. Mi inquietud por conocer diferentes corrientes [&hellip;]<\/p>\n","protected":false},"author":1,"featured_media":0,"parent":0,"menu_order":0,"comment_status":"closed","ping_status":"closed","template":"","meta":{"footnotes":""},"class_list":["post-55","page","type-page","status-publish","hentry"],"_links":{"self":[{"href":"https:\/\/www.osagor.com\/index.php?rest_route=\/wp\/v2\/pages\/55","targetHints":{"allow":["GET"]}}],"collection":[{"href":"https:\/\/www.osagor.com\/index.php?rest_route=\/wp\/v2\/pages"}],"about":[{"href":"https:\/\/www.osagor.com\/index.php?rest_route=\/wp\/v2\/types\/page"}],"author":[{"embeddable":true,"href":"https:\/\/www.osagor.com\/index.php?rest_route=\/wp\/v2\/users\/1"}],"replies":[{"embeddable":true,"href":"https:\/\/www.osagor.com\/index.php?rest_route=%2Fwp%2Fv2%2Fcomments&post=55"}],"version-history":[{"count":12,"href":"https:\/\/www.osagor.com\/index.php?rest_route=\/wp\/v2\/pages\/55\/revisions"}],"predecessor-version":[{"id":277,"href":"https:\/\/www.osagor.com\/index.php?rest_route=\/wp\/v2\/pages\/55\/revisions\/277"}],"wp:attachment":[{"href":"https:\/\/www.osagor.com\/index.php?rest_route=%2Fwp%2Fv2%2Fmedia&parent=55"}],"curies":[{"name":"wp","href":"https:\/\/api.w.org\/{rel}","templated":true}]}}