{"id":76,"date":"2024-07-03T08:24:02","date_gmt":"2024-07-03T08:24:02","guid":{"rendered":"http:\/\/www.osagor.com\/?page_id=76"},"modified":"2024-07-03T08:24:02","modified_gmt":"2024-07-03T08:24:02","slug":"aviso-legal","status":"publish","type":"page","link":"https:\/\/www.osagor.com\/?page_id=76","title":{"rendered":"Aviso Legal"},"content":{"rendered":"\n<p>El presente aviso legal (en adelante, el \u00abAviso Legal\u00bb) regula el uso del servicio del portal de Internet \u2026\u2026\u2026 (en adelante, el \u00abWeb\u00bb) de OSAGOR PSICOLOG\u00cdA con domicilio social en C\/ Las Mercedes 8-1B, 48930 Las Arenas, Getxo, Bizkaia con NIF 16067521c<\/p>\n\n\n\n<div style=\"height:1.25em\" aria-hidden=\"true\" class=\"wp-block-spacer\"><\/div>\n\n\n\n<p><strong>Legislaci\u00f3n<\/strong><\/p>\n\n\n\n<p>Con car\u00e1cter general las relaciones entre OSAGOR PSICOLOG\u00cdA. con los Usuarios de sus servicios telem\u00e1ticos, presentes en la web, se encuentran sometidas a la legislaci\u00f3n y jurisdicci\u00f3n espa\u00f1olas.<\/p>\n\n\n\n<p>Las partes renuncian expresamente al fuero que les pudiera corresponder y someten expresamente a los Juzgados y Tribunales de BIZKAIA para resolver cualquier controversia que pueda surgir en la interpretaci\u00f3n o ejecuci\u00f3n de las presentes condiciones contractuales.<\/p>\n\n\n\n<div style=\"height:1.25em\" aria-hidden=\"true\" class=\"wp-block-spacer\"><\/div>\n\n\n\n<p><strong>Contenido y uso<\/strong><\/p>\n\n\n\n<p>El Usuario queda informado, y acepta, que el acceso a la presente web no supone, en modo alguno, el inicio de una relaci\u00f3n comercial con OSAGOR PSICOLOG\u00cdA.<\/p>\n\n\n\n<p>El titular del web no se identifica con las opiniones vertidas en el mismo por sus colaboradores. Se reserva el derecho de efectuar sin previo aviso las modificaciones que considere oportunas en su Web, pudiendo cambiar, suprimir o a\u00f1adir tanto los contenidos y servicios que se presten a trav\u00e9s de la misma como la forma en la que \u00e9stos aparezcan presentados o localizados en sus servidores.<\/p>\n\n\n\n<div style=\"height:1.25em\" aria-hidden=\"true\" class=\"wp-block-spacer\"><\/div>\n\n\n\n<p><strong>Propiedad intelectual e industrial<\/strong><\/p>\n\n\n\n<p>Los derechos de propiedad intelectual del contenido de las p\u00e1ginas web, su dise\u00f1o gr\u00e1fico y c\u00f3digos son titularidad de OSAGOR PSICOLOG\u00cdA. y, por tanto, queda prohibida su reproducci\u00f3n, distribuci\u00f3n, comunicaci\u00f3n p\u00fablica, transformaci\u00f3n o cualquier otra actividad que se pueda realizar con los contenidos de sus p\u00e1ginas web ni aun citando las fuentes, salvo consentimiento por escrito de OSAGOR PSICOLOG\u00cdA<\/p>\n\n\n\n<div style=\"height:1.25em\" aria-hidden=\"true\" class=\"wp-block-spacer\"><\/div>\n\n\n\n<p><strong>Enlaces (Links)<\/strong><\/p>\n\n\n\n<p>La presencia de enlaces (links) en las p\u00e1ginas web de OSAGOR PSICOLOG\u00cdA. tiene finalidad meramente informativa y en ning\u00fan caso supone sugerencia, invitaci\u00f3n o recomendaci\u00f3n sobre los mismos.<\/p>\n","protected":false},"excerpt":{"rendered":"<p>El presente aviso legal (en adelante, el \u00abAviso Legal\u00bb) regula el uso del servicio del portal de Internet \u2026\u2026\u2026 (en adelante, el \u00abWeb\u00bb) de OSAGOR PSICOLOG\u00cdA con domicilio social en C\/ Las Mercedes 8-1B, 48930 Las Arenas, Getxo, Bizkaia con NIF 16067521c Legislaci\u00f3n Con car\u00e1cter general las relaciones entre OSAGOR PSICOLOG\u00cdA. con los Usuarios de [&hellip;]<\/p>\n","protected":false},"author":1,"featured_media":0,"parent":0,"menu_order":0,"comment_status":"closed","ping_status":"closed","template":"","meta":{"footnotes":""},"class_list":["post-76","page","type-page","status-publish","hentry"],"_links":{"self":[{"href":"https:\/\/www.osagor.com\/index.php?rest_route=\/wp\/v2\/pages\/76","targetHints":{"allow":["GET"]}}],"collection":[{"href":"https:\/\/www.osagor.com\/index.php?rest_route=\/wp\/v2\/pages"}],"about":[{"href":"https:\/\/www.osagor.com\/index.php?rest_route=\/wp\/v2\/types\/page"}],"author":[{"embeddable":true,"href":"https:\/\/www.osagor.com\/index.php?rest_route=\/wp\/v2\/users\/1"}],"replies":[{"embeddable":true,"href":"https:\/\/www.osagor.com\/index.php?rest_route=%2Fwp%2Fv2%2Fcomments&post=76"}],"version-history":[{"count":1,"href":"https:\/\/www.osagor.com\/index.php?rest_route=\/wp\/v2\/pages\/76\/revisions"}],"predecessor-version":[{"id":77,"href":"https:\/\/www.osagor.com\/index.php?rest_route=\/wp\/v2\/pages\/76\/revisions\/77"}],"wp:attachment":[{"href":"https:\/\/www.osagor.com\/index.php?rest_route=%2Fwp%2Fv2%2Fmedia&parent=76"}],"curies":[{"name":"wp","href":"https:\/\/api.w.org\/{rel}","templated":true}]}}